{"id":1387,"date":"2024-06-04T16:35:31","date_gmt":"2024-06-04T14:35:31","guid":{"rendered":"http:\/\/branchenverzeichnis-costa-blanca.es\/?page_id=1387"},"modified":"2024-06-04T17:03:33","modified_gmt":"2024-06-04T15:03:33","slug":"aviso-legal","status":"publish","type":"page","link":"https:\/\/branchenverzeichnis-costa-blanca.es\/es\/aviso-legal\/","title":{"rendered":"Aviso Legal \/ Pie de imprenta"},"content":{"rendered":"<p><strong>P\u00e1gina web:<\/strong><\/p>\n\n\n\n<p>Villa Navia 32<br>C\/Fray Luis de Le\u00f3n<br>Dehesa de Campoamor<\/p>\n\n\n\n<p>03189 Orihuela Costa - Alicante<br>Spain \/ Espa\u00f1a<\/p>\n\n\n\n<p>Contacto: +34 604 469 321<\/p>\n\n\n\n<p><strong>Representado por:<\/strong><\/p>\n\n\n\n<p>Directorio de empresas Costa Blanca <\/p>\n\n\n\n<p>Cristian Gebauhr<\/p>\n\n\n\n<p>Descargo de responsabilidad:<br><br>Responsabilidad por el contenido<br>Los contenidos de nuestras p\u00e1ginas han sido creados con el m\u00e1ximo cuidado. Sin embargo, no podemos garantizar la exactitud, integridad o actualidad del contenido. Seg\u00fan las disposiciones legales, somos adem\u00e1s responsables de nuestro propio contenido en estas p\u00e1ginas web. En este contexto, tenga en cuenta que, por lo tanto, no estamos obligados a controlar \u00fanicamente la informaci\u00f3n transmitida o guardada de terceros ni a investigar circunstancias que indiquen una actividad ilegal. Nuestras obligaciones de eliminar o bloquear el uso de informaci\u00f3n seg\u00fan las leyes de aplicaci\u00f3n general no se ven afectadas por esto seg\u00fan los art\u00edculos 8 a 10 de la Ley de Telemedia (TMG).<\/p>","protected":false},"excerpt":{"rendered":"<p>Website: Villa Navia 32C\/Fray Luis de LeonDehesa de Campoamor 03189 Orihuela Costa \u2013 AlicanteSpain \/ \u200bEspa\u00f1a \u200bContacto: +34 604 469 321 Re\u200bpresentado por: Branchenverzeichnis Costa Blanca Cristian Gebauhr Descargo de responsabilidad: Responsabilidad por el contenidoLos contenidos de nuestras p\u00e1ginas han sido creados con el m\u00e1ximo cuidado. Sin embargo, no podemos garantizar la exactitud, integridad o [&hellip;]<\/p>","protected":false},"author":1,"featured_media":0,"parent":0,"menu_order":0,"comment_status":"closed","ping_status":"closed","template":"","meta":{"footnotes":""},"class_list":["post-1387","page","type-page","status-publish","hentry"],"blocksy_meta":[],"yoast_head":"<!-- This site is optimized with the Yoast SEO plugin v24.0 - https:\/\/yoast.com\/wordpress\/plugins\/seo\/ -->\n<title>Aviso Legal \/ Impressum -<\/title>\n<meta name=\"description\" content=\"Hier finden Sie die besten Aviso Legal \/ Impressum + Umgebung - &gt; Kontaktieren Sie uns noch heute, wir beraten Sie umgehend!\" \/>\n<meta name=\"robots\" content=\"index, follow, max-snippet:-1, max-image-preview:large, max-video-preview:-1\" \/>\n<link rel=\"canonical\" href=\"https:\/\/branchenverzeichnis-costa-blanca.es\/es\/aviso-legal\/\" \/>\n<meta property=\"og:locale\" content=\"es_ES\" \/>\n<meta property=\"og:type\" content=\"article\" \/>\n<meta property=\"og:title\" content=\"Aviso Legal \/ Impressum -\" \/>\n<meta property=\"og:description\" content=\"Hier finden Sie die besten Aviso Legal \/ Impressum + Umgebung - &gt; Kontaktieren Sie uns noch heute, wir beraten Sie umgehend!\" \/>\n<meta property=\"og:url\" content=\"https:\/\/branchenverzeichnis-costa-blanca.es\/es\/aviso-legal\/\" \/>\n<meta property=\"og:site_name\" content=\"branchenverzeichnis-costa-blanca.es\" \/>\n<meta property=\"article:modified_time\" content=\"2024-06-04T15:03:33+00:00\" \/>\n<meta name=\"twitter:card\" content=\"summary_large_image\" \/>\n<meta name=\"twitter:label1\" content=\"Tiempo de lectura\" \/>\n\t<meta name=\"twitter:data1\" content=\"1 minuto\" \/>\n<script type=\"application\/ld+json\" class=\"yoast-schema-graph\">{\"@context\":\"https:\/\/schema.org\",\"@graph\":[{\"@type\":\"WebPage\",\"@id\":\"https:\/\/branchenverzeichnis-costa-blanca.es\/aviso-legal\/\",\"url\":\"https:\/\/branchenverzeichnis-costa-blanca.es\/aviso-legal\/\",\"name\":\"Aviso Legal \/ Impressum -\",\"isPartOf\":{\"@id\":\"https:\/\/branchenverzeichnis-costa-blanca.es\/#website\"},\"datePublished\":\"2024-06-04T14:35:31+00:00\",\"dateModified\":\"2024-06-04T15:03:33+00:00\",\"description\":\"Hier finden Sie die besten Aviso Legal \/ Impressum + Umgebung - > Kontaktieren Sie uns noch heute, wir beraten Sie umgehend!\",\"breadcrumb\":{\"@id\":\"https:\/\/branchenverzeichnis-costa-blanca.es\/aviso-legal\/#breadcrumb\"},\"inLanguage\":\"es\",\"potentialAction\":[{\"@type\":\"ReadAction\",\"target\":[\"https:\/\/branchenverzeichnis-costa-blanca.es\/aviso-legal\/\"]}]},{\"@type\":\"BreadcrumbList\",\"@id\":\"https:\/\/branchenverzeichnis-costa-blanca.es\/aviso-legal\/#breadcrumb\",\"itemListElement\":[{\"@type\":\"ListItem\",\"position\":1,\"name\":\"Startseite\",\"item\":\"https:\/\/branchenverzeichnis-costa-blanca.es\/\"},{\"@type\":\"ListItem\",\"position\":2,\"name\":\"Aviso Legal \/ Impressum\"}]},{\"@type\":\"WebSite\",\"@id\":\"https:\/\/branchenverzeichnis-costa-blanca.es\/#website\",\"url\":\"https:\/\/branchenverzeichnis-costa-blanca.es\/\",\"name\":\"branchenverzeichnis-costa-blanca.es\",\"description\":\"\",\"publisher\":{\"@id\":\"https:\/\/branchenverzeichnis-costa-blanca.es\/#organization\"},\"alternateName\":\"Branchenverzeichnis Costa Blanca\",\"potentialAction\":[{\"@type\":\"SearchAction\",\"target\":{\"@type\":\"EntryPoint\",\"urlTemplate\":\"https:\/\/branchenverzeichnis-costa-blanca.es\/?s={search_term_string}\"},\"query-input\":{\"@type\":\"PropertyValueSpecification\",\"valueRequired\":true,\"valueName\":\"search_term_string\"}}],\"inLanguage\":\"es\"},{\"@type\":\"Organization\",\"@id\":\"https:\/\/branchenverzeichnis-costa-blanca.es\/#organization\",\"name\":\"branchenverzeichnis-costa-blanca.es\",\"url\":\"https:\/\/branchenverzeichnis-costa-blanca.es\/\",\"logo\":{\"@type\":\"ImageObject\",\"inLanguage\":\"es\",\"@id\":\"https:\/\/branchenverzeichnis-costa-blanca.es\/#\/schema\/logo\/image\/\",\"url\":\"https:\/\/branchenverzeichnis-costa-blanca.es\/wp-content\/uploads\/2024\/06\/Branchenverzeichnis-Logo-1.png\",\"contentUrl\":\"https:\/\/branchenverzeichnis-costa-blanca.es\/wp-content\/uploads\/2024\/06\/Branchenverzeichnis-Logo-1.png\",\"width\":500,\"height\":500,\"caption\":\"branchenverzeichnis-costa-blanca.es\"},\"image\":{\"@id\":\"https:\/\/branchenverzeichnis-costa-blanca.es\/#\/schema\/logo\/image\/\"}}]}<\/script>\n<!-- \/ Yoast SEO plugin. -->","yoast_head_json":{"title":"Aviso Legal \/ Impressum -","description":"Hier finden Sie die besten Aviso Legal \/ Impressum + Umgebung - > Kontaktieren Sie uns noch heute, wir beraten Sie umgehend!","robots":{"index":"index","follow":"follow","max-snippet":"max-snippet:-1","max-image-preview":"max-image-preview:large","max-video-preview":"max-video-preview:-1"},"canonical":"https:\/\/branchenverzeichnis-costa-blanca.es\/es\/aviso-legal\/","og_locale":"es_ES","og_type":"article","og_title":"Aviso Legal \/ Impressum -","og_description":"Hier finden Sie die besten Aviso Legal \/ Impressum + Umgebung - > Kontaktieren Sie uns noch heute, wir beraten Sie umgehend!","og_url":"https:\/\/branchenverzeichnis-costa-blanca.es\/es\/aviso-legal\/","og_site_name":"branchenverzeichnis-costa-blanca.es","article_modified_time":"2024-06-04T15:03:33+00:00","twitter_card":"summary_large_image","twitter_misc":{"Tiempo de lectura":"1 minuto"},"schema":{"@context":"https:\/\/schema.org","@graph":[{"@type":"WebPage","@id":"https:\/\/branchenverzeichnis-costa-blanca.es\/aviso-legal\/","url":"https:\/\/branchenverzeichnis-costa-blanca.es\/aviso-legal\/","name":"Aviso Legal \/ Impressum -","isPartOf":{"@id":"https:\/\/branchenverzeichnis-costa-blanca.es\/#website"},"datePublished":"2024-06-04T14:35:31+00:00","dateModified":"2024-06-04T15:03:33+00:00","description":"Hier finden Sie die besten Aviso Legal \/ Impressum + Umgebung - > Kontaktieren Sie uns noch heute, wir beraten Sie umgehend!","breadcrumb":{"@id":"https:\/\/branchenverzeichnis-costa-blanca.es\/aviso-legal\/#breadcrumb"},"inLanguage":"es","potentialAction":[{"@type":"ReadAction","target":["https:\/\/branchenverzeichnis-costa-blanca.es\/aviso-legal\/"]}]},{"@type":"BreadcrumbList","@id":"https:\/\/branchenverzeichnis-costa-blanca.es\/aviso-legal\/#breadcrumb","itemListElement":[{"@type":"ListItem","position":1,"name":"Startseite","item":"https:\/\/branchenverzeichnis-costa-blanca.es\/"},{"@type":"ListItem","position":2,"name":"Aviso Legal \/ Impressum"}]},{"@type":"WebSite","@id":"https:\/\/branchenverzeichnis-costa-blanca.es\/#website","url":"https:\/\/branchenverzeichnis-costa-blanca.es\/","name":"branchenverzeichnis-costa-blanca.es","description":"","publisher":{"@id":"https:\/\/branchenverzeichnis-costa-blanca.es\/#organization"},"alternateName":"Branchenverzeichnis Costa Blanca","potentialAction":[{"@type":"SearchAction","target":{"@type":"EntryPoint","urlTemplate":"https:\/\/branchenverzeichnis-costa-blanca.es\/?s={search_term_string}"},"query-input":{"@type":"PropertyValueSpecification","valueRequired":true,"valueName":"search_term_string"}}],"inLanguage":"es"},{"@type":"Organization","@id":"https:\/\/branchenverzeichnis-costa-blanca.es\/#organization","name":"branchenverzeichnis-costa-blanca.es","url":"https:\/\/branchenverzeichnis-costa-blanca.es\/","logo":{"@type":"ImageObject","inLanguage":"es","@id":"https:\/\/branchenverzeichnis-costa-blanca.es\/#\/schema\/logo\/image\/","url":"https:\/\/branchenverzeichnis-costa-blanca.es\/wp-content\/uploads\/2024\/06\/Branchenverzeichnis-Logo-1.png","contentUrl":"https:\/\/branchenverzeichnis-costa-blanca.es\/wp-content\/uploads\/2024\/06\/Branchenverzeichnis-Logo-1.png","width":500,"height":500,"caption":"branchenverzeichnis-costa-blanca.es"},"image":{"@id":"https:\/\/branchenverzeichnis-costa-blanca.es\/#\/schema\/logo\/image\/"}}]}},"_links":{"self":[{"href":"https:\/\/branchenverzeichnis-costa-blanca.es\/es\/wp-json\/wp\/v2\/pages\/1387","targetHints":{"allow":["GET"]}}],"collection":[{"href":"https:\/\/branchenverzeichnis-costa-blanca.es\/es\/wp-json\/wp\/v2\/pages"}],"about":[{"href":"https:\/\/branchenverzeichnis-costa-blanca.es\/es\/wp-json\/wp\/v2\/types\/page"}],"author":[{"embeddable":true,"href":"https:\/\/branchenverzeichnis-costa-blanca.es\/es\/wp-json\/wp\/v2\/users\/1"}],"replies":[{"embeddable":true,"href":"https:\/\/branchenverzeichnis-costa-blanca.es\/es\/wp-json\/wp\/v2\/comments?post=1387"}],"version-history":[{"count":4,"href":"https:\/\/branchenverzeichnis-costa-blanca.es\/es\/wp-json\/wp\/v2\/pages\/1387\/revisions"}],"predecessor-version":[{"id":1430,"href":"https:\/\/branchenverzeichnis-costa-blanca.es\/es\/wp-json\/wp\/v2\/pages\/1387\/revisions\/1430"}],"wp:attachment":[{"href":"https:\/\/branchenverzeichnis-costa-blanca.es\/es\/wp-json\/wp\/v2\/media?parent=1387"}],"curies":[{"name":"wp","href":"https:\/\/api.w.org\/{rel}","templated":true}]}}