{"id":1720,"date":"2024-06-08T09:14:12","date_gmt":"2024-06-08T07:14:12","guid":{"rendered":"https:\/\/branchenverzeichnis-costa-blanca.es\/?page_id=1720"},"modified":"2024-06-08T12:14:23","modified_gmt":"2024-06-08T10:14:23","slug":"torrevieja","status":"publish","type":"page","link":"https:\/\/branchenverzeichnis-costa-blanca.es\/es\/torrevieja\/","title":{"rendered":"Torrevieja und Umgebung"},"content":{"rendered":"<div data-elementor-type=\"wp-page\" data-elementor-id=\"1720\" class=\"elementor elementor-1720\">\n\t\t\t\t<div class=\"elementor-element elementor-element-fe325fa e-flex e-con-boxed e-con e-parent\" data-id=\"fe325fa\" data-element_type=\"container\">\n\t\t\t\t\t<div class=\"e-con-inner\">\n\t\t\t\t\t<\/div>\n\t\t\t\t<\/div>\n\t\t<div class=\"elementor-element elementor-element-b9c9b9a e-grid e-con-boxed e-con e-parent\" data-id=\"b9c9b9a\" data-element_type=\"container\">\n\t\t\t\t\t<div class=\"e-con-inner\">\n\t\t\t\t<div class=\"elementor-element elementor-element-a482bcf elementor-widget elementor-widget-text-editor\" data-id=\"a482bcf\" data-element_type=\"widget\" data-widget_type=\"text-editor.default\">\n\t\t\t\t<div class=\"elementor-widget-container\">\n\t\t\t\t\t\t\t<p><span style=\"color: #ff6600;\"><strong>\u00a0\u00a0\u00a0\u00a0 <span style=\"color: #000000;\">Artesanos:<\/span><\/strong><\/span><\/p><ul><li><a href=\"https:\/\/branchenverzeichnis-costa-blanca.es\/es\/handwerker-torrevieja\/\"><span style=\"color: #ff6600;\"><strong>Torrevieja<\/strong><\/span><\/a><\/li><li><a href=\"https:\/\/branchenverzeichnis-costa-blanca.es\/es\/handwerker-punta-prima\/\"><span style=\"color: #ff6600;\"><strong>Punta Prima<\/strong><\/span><\/a><\/li><li><a href=\"https:\/\/branchenverzeichnis-costa-blanca.es\/es\/handwerker-la-zenia\/\"><span style=\"color: #ff6600;\"><strong>La Zenia<\/strong><\/span><\/a><\/li><li><a href=\"https:\/\/branchenverzeichnis-costa-blanca.es\/es\/handwerker-playa-flamenca\/\"><span style=\"color: #ff6600;\"><strong>Playa Flamenca<\/strong><\/span><\/a><\/li><li><span style=\"color: #ff6600;\"><strong>Cabo Roig<\/strong><\/span><\/li><li><span style=\"color: #ff6600;\"><strong>Villamart\u00edn<\/strong><\/span><\/li><li><span style=\"color: #ff6600;\"><strong>Los Dolses<\/strong><\/span><\/li><li><span style=\"color: #ff6600;\"><strong>Campoamor<\/strong><\/span><\/li><li><span style=\"color: #ff6600;\"><strong>Dehesa de Campoamor<\/strong><\/span><\/li><li><span style=\"color: #ff6600;\"><strong>Pilar de la Horadada<\/strong><\/span><\/li><li><span style=\"color: #ff6600;\"><strong>San Pedro del Pinatar<\/strong><\/span><\/li><li><span style=\"color: #ff6600;\"><strong>Lo Pag\u00e1n<\/strong><\/span><\/li><li><span style=\"color: #ff6600;\"><strong>La Mata<\/strong><\/span><\/li><li><span style=\"color: #ff6600;\"><strong>Guardamar del Segura<\/strong><\/span><\/li><li><span style=\"color: #ff6600;\"><strong>La Marina<\/strong><\/span><\/li><li><span style=\"color: #ff6600;\"><strong>Santa Pola<\/strong><\/span><\/li><li><span style=\"color: #ff6600;\"><strong>Rojales<\/strong><\/span><\/li><li><span style=\"color: #ff6600;\"><strong>Ciudad Quesada<\/strong><\/span><\/li><li><span style=\"color: #ff6600;\"><strong>Benij\u00f3far<\/strong><\/span><\/li><li><span style=\"color: #ff6600;\"><strong>Formentera del Segura<\/strong><\/span><\/li><li><span style=\"color: #ff6600;\"><strong>Almorad\u00ed<\/strong><\/span><\/li><li><span style=\"color: #ff6600;\"><strong>Dolores<\/strong><\/span><\/li><li><span style=\"color: #ff6600;\"><strong>Catral<\/strong><\/span><\/li><li><span style=\"color: #ff6600;\"><strong>San Fulgencio<\/strong><\/span><\/li><li><span style=\"color: #ff6600;\"><strong>Los Montesinos<\/strong><\/span><\/li><li><span style=\"color: #ff6600;\"><strong>San Miguel de Salinas<\/strong><\/span><\/li><li><span style=\"color: #ff6600;\"><strong>Orihuela Costa<\/strong><\/span><\/li><li><span style=\"color: #ff6600;\"><strong>Bigastro<\/strong><\/span><\/li><li><span style=\"color: #ff6600;\"><strong>Jacarilla<\/strong><\/span><\/li><li><span style=\"color: #ff6600;\"><strong>Callosa de Segura<\/strong><\/span><\/li><li><span style=\"color: #ff6600;\"><strong>Redov\u00e1n<\/strong><\/span><\/li><li><span style=\"color: #ff6600;\"><strong>Granja de Rocamora<\/strong><\/span><\/li><li><span style=\"color: #ff6600;\"><strong>Albatera<\/strong><\/span><\/li><li><span style=\"color: #ff6600;\"><strong>Crevillente<\/strong><\/span><\/li><li><span style=\"color: #ff6600;\"><strong>Alce<\/strong><\/span><\/li><li><span style=\"color: #ff6600;\"><strong>Murcia <\/strong><\/span><\/li><\/ul>\t\t\t\t\t\t<\/div>\n\t\t\t\t<\/div>\n\t\t\t\t<div class=\"elementor-element elementor-element-05bda60 elementor-widget elementor-widget-text-editor\" data-id=\"05bda60\" data-element_type=\"widget\" data-widget_type=\"text-editor.default\">\n\t\t\t\t<div class=\"elementor-widget-container\">\n\t\t\t\t\t\t\t<p><span style=\"color: #000000;\"><strong>\u00a0\u00a0\u00a0\u00a0 Inmobiliaria:<\/strong><\/span><\/p><ul><li><span style=\"color: #ff6600;\"><strong>Torrevieja<\/strong><\/span><\/li><li><span style=\"color: #ff6600;\"><strong>Punta Prima<\/strong><\/span><\/li><li><span style=\"color: #ff6600;\"><strong>La Zenia<\/strong><\/span><\/li><li><span style=\"color: #ff6600;\"><strong>Playa Flamenca<\/strong><\/span><\/li><li><span style=\"color: #ff6600;\"><strong>Cabo Roig<\/strong><\/span><\/li><li><span style=\"color: #ff6600;\"><strong>Villamart\u00edn<\/strong><\/span><\/li><li><span style=\"color: #ff6600;\"><strong>Los Dolses<\/strong><\/span><\/li><li><span style=\"color: #ff6600;\"><strong>Campoamor<\/strong><\/span><\/li><li><span style=\"color: #ff6600;\"><strong>Dehesa de Campoamor<\/strong><\/span><\/li><li><span style=\"color: #ff6600;\"><strong>Pilar de la Horadada<\/strong><\/span><\/li><li><span style=\"color: #ff6600;\"><strong>San Pedro del Pinatar<\/strong><\/span><\/li><li><span style=\"color: #ff6600;\"><strong>Lo Pag\u00e1n<\/strong><\/span><\/li><li><span style=\"color: #ff6600;\"><strong>La Mata<\/strong><\/span><\/li><li><span style=\"color: #ff6600;\"><strong>Guardamar del Segura<\/strong><\/span><\/li><li><span style=\"color: #ff6600;\"><strong>La Marina<\/strong><\/span><\/li><li><span style=\"color: #ff6600;\"><strong>Santa Pola<\/strong><\/span><\/li><li><span style=\"color: #ff6600;\"><strong>Rojales<\/strong><\/span><\/li><li><span style=\"color: #ff6600;\"><strong>Ciudad Quesada<\/strong><\/span><\/li><li><span style=\"color: #ff6600;\"><strong>Benij\u00f3far<\/strong><\/span><\/li><li><span style=\"color: #ff6600;\"><strong>Formentera del Segura<\/strong><\/span><\/li><li><span style=\"color: #ff6600;\"><strong>Almorad\u00ed<\/strong><\/span><\/li><li><span style=\"color: #ff6600;\"><strong>Dolores<\/strong><\/span><\/li><li><span style=\"color: #ff6600;\"><strong>Catral<\/strong><\/span><\/li><li><span style=\"color: #ff6600;\"><strong>San Fulgencio<\/strong><\/span><\/li><li><span style=\"color: #ff6600;\"><strong>Los Montesinos<\/strong><\/span><\/li><li><span style=\"color: #ff6600;\"><strong>San Miguel de Salinas<\/strong><\/span><\/li><li><span style=\"color: #ff6600;\"><strong>Orihuela Costa<\/strong><\/span><\/li><li><span style=\"color: #ff6600;\"><strong>Bigastro<\/strong><\/span><\/li><li><span style=\"color: #ff6600;\"><strong>Jacarilla<\/strong><\/span><\/li><li><span style=\"color: #ff6600;\"><strong>Callosa de Segura<\/strong><\/span><\/li><li><span style=\"color: #ff6600;\"><strong>Redov\u00e1n<\/strong><\/span><\/li><li><span style=\"color: #ff6600;\"><strong>Granja de Rocamora<\/strong><\/span><\/li><li><span style=\"color: #ff6600;\"><strong>Albatera<\/strong><\/span><\/li><li><span style=\"color: #ff6600;\"><strong>Crevillente<\/strong><\/span><\/li><li><span style=\"color: #ff6600;\"><strong>Alce<\/strong><\/span><\/li><li><strong><span style=\"color: #ff6600;\">Murcia<\/span> <\/strong><\/li><\/ul>\t\t\t\t\t\t<\/div>\n\t\t\t\t<\/div>\n\t\t\t\t<div class=\"elementor-element elementor-element-78be32c elementor-widget elementor-widget-text-editor\" data-id=\"78be32c\" data-element_type=\"widget\" data-widget_type=\"text-editor.default\">\n\t\t\t\t<div class=\"elementor-widget-container\">\n\t\t\t\t\t\t\t<p><span style=\"color: #000000;\"><strong>\u00a0\u00a0\u00a0\u00a0 Sanidad:<\/strong><\/span><\/p><ul><li><span style=\"color: #ff6600;\"><strong>Torrevieja<\/strong><\/span><\/li><li><span style=\"color: #ff6600;\"><strong>Punta Prima<\/strong><\/span><\/li><li><span style=\"color: #ff6600;\"><strong>La Zenia<\/strong><\/span><\/li><li><span style=\"color: #ff6600;\"><strong>Playa Flamenca<\/strong><\/span><\/li><li><span style=\"color: #ff6600;\"><strong>Cabo Roig<\/strong><\/span><\/li><li><span style=\"color: #ff6600;\"><strong>Villamart\u00edn<\/strong><\/span><\/li><li><span style=\"color: #ff6600;\"><strong>Los Dolses<\/strong><\/span><\/li><li><span style=\"color: #ff6600;\"><strong>Campoamor<\/strong><\/span><\/li><li><span style=\"color: #ff6600;\"><strong>Dehesa de Campoamor<\/strong><\/span><\/li><li><span style=\"color: #ff6600;\"><strong>Pilar de la Horadada<\/strong><\/span><\/li><li><span style=\"color: #ff6600;\"><strong>San Pedro del Pinatar<\/strong><\/span><\/li><li><span style=\"color: #ff6600;\"><strong>Lo Pag\u00e1n<\/strong><\/span><\/li><li><span style=\"color: #ff6600;\"><strong>La Mata<\/strong><\/span><\/li><li><span style=\"color: #ff6600;\"><strong>Guardamar del Segura<\/strong><\/span><\/li><li><span style=\"color: #ff6600;\"><strong>La Marina<\/strong><\/span><\/li><li><span style=\"color: #ff6600;\"><strong>Santa Pola<\/strong><\/span><\/li><li><span style=\"color: #ff6600;\"><strong>Rojales<\/strong><\/span><\/li><li><span style=\"color: #ff6600;\"><strong>Ciudad Quesada<\/strong><\/span><\/li><li><span style=\"color: #ff6600;\"><strong>Benij\u00f3far<\/strong><\/span><\/li><li><span style=\"color: #ff6600;\"><strong>Formentera del Segura<\/strong><\/span><\/li><li><span style=\"color: #ff6600;\"><strong>Almorad\u00ed<\/strong><\/span><\/li><li><span style=\"color: #ff6600;\"><strong>Dolores<\/strong><\/span><\/li><li><span style=\"color: #ff6600;\"><strong>Catral<\/strong><\/span><\/li><li><span style=\"color: #ff6600;\"><strong>San Fulgencio<\/strong><\/span><\/li><li><span style=\"color: #ff6600;\"><strong>Los Montesinos<\/strong><\/span><\/li><li><span style=\"color: #ff6600;\"><strong>San Miguel de Salinas<\/strong><\/span><\/li><li><span style=\"color: #ff6600;\"><strong>Orihuela Costa<\/strong><\/span><\/li><li><span style=\"color: #ff6600;\"><strong>Bigastro<\/strong><\/span><\/li><li><span style=\"color: #ff6600;\"><strong>Jacarilla<\/strong><\/span><\/li><li><span style=\"color: #ff6600;\"><strong>Callosa de Segura<\/strong><\/span><\/li><li><span style=\"color: #ff6600;\"><strong>Redov\u00e1n<\/strong><\/span><\/li><li><span style=\"color: #ff6600;\"><strong>Granja de Rocamora<\/strong><\/span><\/li><li><span style=\"color: #ff6600;\"><strong>Albatera<\/strong><\/span><\/li><li><span style=\"color: #ff6600;\"><strong>Crevillente<\/strong><\/span><\/li><li><span style=\"color: #ff6600;\"><strong>Alce<\/strong><\/span><\/li><li><strong><span style=\"color: #ff6600;\">Murcia<\/span> <\/strong><\/li><\/ul>\t\t\t\t\t\t<\/div>\n\t\t\t\t<\/div>\n\t\t\t\t<div class=\"elementor-element elementor-element-faf2237 elementor-widget elementor-widget-text-editor\" data-id=\"faf2237\" data-element_type=\"widget\" data-widget_type=\"text-editor.default\">\n\t\t\t\t<div class=\"elementor-widget-container\">\n\t\t\t\t\t\t\t<p><span style=\"color: #000000;\"><strong>\u00a0\u00a0\u00a0\u00a0 Gastronom\u00eda:<\/strong><\/span><\/p><ul><li><span style=\"color: #ff6600;\"><strong>Torrevieja<\/strong><\/span><\/li><li><span style=\"color: #ff6600;\"><strong>Punta Prima<\/strong><\/span><\/li><li><span style=\"color: #ff6600;\"><strong>La Zenia<\/strong><\/span><\/li><li><span style=\"color: #ff6600;\"><strong>Playa Flamenca<\/strong><\/span><\/li><li><span style=\"color: #ff6600;\"><strong>Cabo Roig<\/strong><\/span><\/li><li><span style=\"color: #ff6600;\"><strong>Villamart\u00edn<\/strong><\/span><\/li><li><span style=\"color: #ff6600;\"><strong>Los Dolses<\/strong><\/span><\/li><li><span style=\"color: #ff6600;\"><strong>Campoamor<\/strong><\/span><\/li><li><span style=\"color: #ff6600;\"><strong>Dehesa de Campoamor<\/strong><\/span><\/li><li><span style=\"color: #ff6600;\"><strong>Pilar de la Horadada<\/strong><\/span><\/li><li><span style=\"color: #ff6600;\"><strong>San Pedro del Pinatar<\/strong><\/span><\/li><li><span style=\"color: #ff6600;\"><strong>Lo Pag\u00e1n<\/strong><\/span><\/li><li><span style=\"color: #ff6600;\"><strong>La Mata<\/strong><\/span><\/li><li><span style=\"color: #ff6600;\"><strong>Guardamar del Segura<\/strong><\/span><\/li><li><span style=\"color: #ff6600;\"><strong>La Marina<\/strong><\/span><\/li><li><span style=\"color: #ff6600;\"><strong>Santa Pola<\/strong><\/span><\/li><li><span style=\"color: #ff6600;\"><strong>Rojales<\/strong><\/span><\/li><li><span style=\"color: #ff6600;\"><strong>Ciudad Quesada<\/strong><\/span><\/li><li><span style=\"color: #ff6600;\"><strong>Benij\u00f3far<\/strong><\/span><\/li><li><span style=\"color: #ff6600;\"><strong>Formentera del Segura<\/strong><\/span><\/li><li><span style=\"color: #ff6600;\"><strong>Almorad\u00ed<\/strong><\/span><\/li><li><span style=\"color: #ff6600;\"><strong>Dolores<\/strong><\/span><\/li><li><span style=\"color: #ff6600;\"><strong>Catral<\/strong><\/span><\/li><li><span style=\"color: #ff6600;\"><strong>San Fulgencio<\/strong><\/span><\/li><li><span style=\"color: #ff6600;\"><strong>Los Montesinos<\/strong><\/span><\/li><li><span style=\"color: #ff6600;\"><strong>San Miguel de Salinas<\/strong><\/span><\/li><li><span style=\"color: #ff6600;\"><strong>Orihuela Costa<\/strong><\/span><\/li><li><span style=\"color: #ff6600;\"><strong>Bigastro<\/strong><\/span><\/li><li><span style=\"color: #ff6600;\"><strong>Jacarilla<\/strong><\/span><\/li><li><span style=\"color: #ff6600;\"><strong>Callosa de Segura<\/strong><\/span><\/li><li><span style=\"color: #ff6600;\"><strong>Redov\u00e1n<\/strong><\/span><\/li><li><span style=\"color: #ff6600;\"><strong>Granja de Rocamora<\/strong><\/span><\/li><li><span style=\"color: #ff6600;\"><strong>Albatera<\/strong><\/span><\/li><li><span style=\"color: #ff6600;\"><strong>Crevillente<\/strong><\/span><\/li><li><span style=\"color: #ff6600;\"><strong>Alce<\/strong><\/span><\/li><li><strong><span style=\"color: #ff6600;\">Murcia<\/span> <\/strong><\/li><\/ul>\t\t\t\t\t\t<\/div>\n\t\t\t\t<\/div>\n\t\t\t\t<div class=\"elementor-element elementor-element-21dcf7a elementor-widget elementor-widget-text-editor\" data-id=\"21dcf7a\" data-element_type=\"widget\" data-widget_type=\"text-editor.default\">\n\t\t\t\t<div class=\"elementor-widget-container\">\n\t\t\t\t\t\t\t<p><span style=\"color: #000000;\"><strong>\u00a0\u00a0\u00a0\u00a0 Varios servicios:<br \/><\/strong><\/span><\/p><ul><li><span style=\"color: #ff6600;\"><strong>Torrevieja<\/strong><\/span><\/li><li><span style=\"color: #ff6600;\"><strong>Punta Prima<\/strong><\/span><\/li><li><span style=\"color: #ff6600;\"><strong>La Zenia<\/strong><\/span><\/li><li><span style=\"color: #ff6600;\"><strong>Playa Flamenca<\/strong><\/span><\/li><li><span style=\"color: #ff6600;\"><strong>Cabo Roig<\/strong><\/span><\/li><li><span style=\"color: #ff6600;\"><strong>Villamart\u00edn<\/strong><\/span><\/li><li><span style=\"color: #ff6600;\"><strong>Los Dolses<\/strong><\/span><\/li><li><span style=\"color: #ff6600;\"><strong>Campoamor<\/strong><\/span><\/li><li><span style=\"color: #ff6600;\"><strong>Dehesa de Campoamor<\/strong><\/span><\/li><li><span style=\"color: #ff6600;\"><strong>Pilar de la Horadada<\/strong><\/span><\/li><li><span style=\"color: #ff6600;\"><strong>San Pedro del Pinatar<\/strong><\/span><\/li><li><span style=\"color: #ff6600;\"><strong>Lo Pag\u00e1n<\/strong><\/span><\/li><li><span style=\"color: #ff6600;\"><strong>La Mata<\/strong><\/span><\/li><li><span style=\"color: #ff6600;\"><strong>Guardamar del Segura<\/strong><\/span><\/li><li><span style=\"color: #ff6600;\"><strong>La Marina<\/strong><\/span><\/li><li><span style=\"color: #ff6600;\"><strong>Santa Pola<\/strong><\/span><\/li><li><span style=\"color: #ff6600;\"><strong>Rojales<\/strong><\/span><\/li><li><span style=\"color: #ff6600;\"><strong>Ciudad Quesada<\/strong><\/span><\/li><li><span style=\"color: #ff6600;\"><strong>Benij\u00f3far<\/strong><\/span><\/li><li><span style=\"color: #ff6600;\"><strong>Formentera del Segura<\/strong><\/span><\/li><li><span style=\"color: #ff6600;\"><strong>Almorad\u00ed<\/strong><\/span><\/li><li><span style=\"color: #ff6600;\"><strong>Dolores<\/strong><\/span><\/li><li><span style=\"color: #ff6600;\"><strong>Catral<\/strong><\/span><\/li><li><span style=\"color: #ff6600;\"><strong>San Fulgencio<\/strong><\/span><\/li><li><span style=\"color: #ff6600;\"><strong>Los Montesinos<\/strong><\/span><\/li><li><span style=\"color: #ff6600;\"><strong>San Miguel de Salinas<\/strong><\/span><\/li><li><span style=\"color: #ff6600;\"><strong>Orihuela Costa<\/strong><\/span><\/li><li><span style=\"color: #ff6600;\"><strong>Bigastro<\/strong><\/span><\/li><li><span style=\"color: #ff6600;\"><strong>Jacarilla<\/strong><\/span><\/li><li><span style=\"color: #ff6600;\"><strong>Callosa de Segura<\/strong><\/span><\/li><li><span style=\"color: #ff6600;\"><strong>Redov\u00e1n<\/strong><\/span><\/li><li><span style=\"color: #ff6600;\"><strong>Granja de Rocamora<\/strong><\/span><\/li><li><span style=\"color: #ff6600;\"><strong>Albatera<\/strong><\/span><\/li><li><span style=\"color: #ff6600;\"><strong>Crevillente<\/strong><\/span><\/li><li><span style=\"color: #ff6600;\"><strong>Alce<\/strong><\/span><\/li><li><strong><span style=\"color: #ff6600;\">Murcia<\/span> <\/strong><\/li><\/ul>\t\t\t\t\t\t<\/div>\n\t\t\t\t<\/div>\n\t\t\t\t\t<\/div>\n\t\t\t\t<\/div>\n\t\t\t\t<\/div>","protected":false},"excerpt":{"rendered":"<p>\u00a0\u00a0\u00a0\u00a0 Handwerker: Torrevieja Punta Prima La Zenia Playa Flamenca Cabo Roig Villamart\u00edn Los Dolses Campoamor Dehesa de Campoamor Pilar de la Horadada San Pedro del Pinatar Lo Pag\u00e1n La Mata Guardamar del Segura La Marina Santa Pola Rojales Ciudad Quesada Benij\u00f3far Formentera del Segura Almorad\u00ed Dolores Catral San Fulgencio Los Montesinos San Miguel de Salinas [&hellip;]<\/p>","protected":false},"author":1,"featured_media":0,"parent":0,"menu_order":0,"comment_status":"closed","ping_status":"closed","template":"","meta":{"footnotes":""},"class_list":["post-1720","page","type-page","status-publish","hentry"],"blocksy_meta":[],"yoast_head":"<!-- This site is optimized with the Yoast SEO plugin v24.0 - https:\/\/yoast.com\/wordpress\/plugins\/seo\/ -->\n<title>Torrevieja und Umgebung -<\/title>\n<meta name=\"description\" content=\"Hier finden Sie die besten Torrevieja und Umgebung + Umgebung - &gt; Kontaktieren Sie uns noch heute, wir beraten Sie umgehend!\" \/>\n<meta name=\"robots\" content=\"index, follow, max-snippet:-1, max-image-preview:large, max-video-preview:-1\" \/>\n<link rel=\"canonical\" href=\"https:\/\/branchenverzeichnis-costa-blanca.es\/es\/torrevieja\/\" \/>\n<meta property=\"og:locale\" content=\"es_ES\" \/>\n<meta property=\"og:type\" content=\"article\" \/>\n<meta property=\"og:title\" content=\"Torrevieja und Umgebung -\" \/>\n<meta property=\"og:description\" content=\"Hier finden Sie die besten Torrevieja und Umgebung + Umgebung - &gt; Kontaktieren Sie uns noch heute, wir beraten Sie umgehend!\" \/>\n<meta property=\"og:url\" content=\"https:\/\/branchenverzeichnis-costa-blanca.es\/es\/torrevieja\/\" \/>\n<meta property=\"og:site_name\" content=\"branchenverzeichnis-costa-blanca.es\" \/>\n<meta property=\"article:modified_time\" content=\"2024-06-08T10:14:23+00:00\" \/>\n<meta name=\"twitter:card\" content=\"summary_large_image\" \/>\n<meta name=\"twitter:label1\" content=\"Tiempo de lectura\" \/>\n\t<meta name=\"twitter:data1\" content=\"2 minutos\" \/>\n<script type=\"application\/ld+json\" class=\"yoast-schema-graph\">{\"@context\":\"https:\/\/schema.org\",\"@graph\":[{\"@type\":\"WebPage\",\"@id\":\"https:\/\/branchenverzeichnis-costa-blanca.es\/torrevieja\/\",\"url\":\"https:\/\/branchenverzeichnis-costa-blanca.es\/torrevieja\/\",\"name\":\"Torrevieja und Umgebung -\",\"isPartOf\":{\"@id\":\"https:\/\/branchenverzeichnis-costa-blanca.es\/#website\"},\"datePublished\":\"2024-06-08T07:14:12+00:00\",\"dateModified\":\"2024-06-08T10:14:23+00:00\",\"description\":\"Hier finden Sie die besten Torrevieja und Umgebung + Umgebung - > Kontaktieren Sie uns noch heute, wir beraten Sie umgehend!\",\"breadcrumb\":{\"@id\":\"https:\/\/branchenverzeichnis-costa-blanca.es\/torrevieja\/#breadcrumb\"},\"inLanguage\":\"es\",\"potentialAction\":[{\"@type\":\"ReadAction\",\"target\":[\"https:\/\/branchenverzeichnis-costa-blanca.es\/torrevieja\/\"]}]},{\"@type\":\"BreadcrumbList\",\"@id\":\"https:\/\/branchenverzeichnis-costa-blanca.es\/torrevieja\/#breadcrumb\",\"itemListElement\":[{\"@type\":\"ListItem\",\"position\":1,\"name\":\"Startseite\",\"item\":\"https:\/\/branchenverzeichnis-costa-blanca.es\/\"},{\"@type\":\"ListItem\",\"position\":2,\"name\":\"Torrevieja und Umgebung\"}]},{\"@type\":\"WebSite\",\"@id\":\"https:\/\/branchenverzeichnis-costa-blanca.es\/#website\",\"url\":\"https:\/\/branchenverzeichnis-costa-blanca.es\/\",\"name\":\"branchenverzeichnis-costa-blanca.es\",\"description\":\"\",\"publisher\":{\"@id\":\"https:\/\/branchenverzeichnis-costa-blanca.es\/#organization\"},\"alternateName\":\"Branchenverzeichnis Costa Blanca\",\"potentialAction\":[{\"@type\":\"SearchAction\",\"target\":{\"@type\":\"EntryPoint\",\"urlTemplate\":\"https:\/\/branchenverzeichnis-costa-blanca.es\/?s={search_term_string}\"},\"query-input\":{\"@type\":\"PropertyValueSpecification\",\"valueRequired\":true,\"valueName\":\"search_term_string\"}}],\"inLanguage\":\"es\"},{\"@type\":\"Organization\",\"@id\":\"https:\/\/branchenverzeichnis-costa-blanca.es\/#organization\",\"name\":\"branchenverzeichnis-costa-blanca.es\",\"url\":\"https:\/\/branchenverzeichnis-costa-blanca.es\/\",\"logo\":{\"@type\":\"ImageObject\",\"inLanguage\":\"es\",\"@id\":\"https:\/\/branchenverzeichnis-costa-blanca.es\/#\/schema\/logo\/image\/\",\"url\":\"https:\/\/branchenverzeichnis-costa-blanca.es\/wp-content\/uploads\/2024\/06\/Branchenverzeichnis-Logo-1.png\",\"contentUrl\":\"https:\/\/branchenverzeichnis-costa-blanca.es\/wp-content\/uploads\/2024\/06\/Branchenverzeichnis-Logo-1.png\",\"width\":500,\"height\":500,\"caption\":\"branchenverzeichnis-costa-blanca.es\"},\"image\":{\"@id\":\"https:\/\/branchenverzeichnis-costa-blanca.es\/#\/schema\/logo\/image\/\"}}]}<\/script>\n<!-- \/ Yoast SEO plugin. -->","yoast_head_json":{"title":"Torrevieja und Umgebung -","description":"Hier finden Sie die besten Torrevieja und Umgebung + Umgebung - > Kontaktieren Sie uns noch heute, wir beraten Sie umgehend!","robots":{"index":"index","follow":"follow","max-snippet":"max-snippet:-1","max-image-preview":"max-image-preview:large","max-video-preview":"max-video-preview:-1"},"canonical":"https:\/\/branchenverzeichnis-costa-blanca.es\/es\/torrevieja\/","og_locale":"es_ES","og_type":"article","og_title":"Torrevieja und Umgebung -","og_description":"Hier finden Sie die besten Torrevieja und Umgebung + Umgebung - > Kontaktieren Sie uns noch heute, wir beraten Sie umgehend!","og_url":"https:\/\/branchenverzeichnis-costa-blanca.es\/es\/torrevieja\/","og_site_name":"branchenverzeichnis-costa-blanca.es","article_modified_time":"2024-06-08T10:14:23+00:00","twitter_card":"summary_large_image","twitter_misc":{"Tiempo de lectura":"2 minutos"},"schema":{"@context":"https:\/\/schema.org","@graph":[{"@type":"WebPage","@id":"https:\/\/branchenverzeichnis-costa-blanca.es\/torrevieja\/","url":"https:\/\/branchenverzeichnis-costa-blanca.es\/torrevieja\/","name":"Torrevieja und Umgebung -","isPartOf":{"@id":"https:\/\/branchenverzeichnis-costa-blanca.es\/#website"},"datePublished":"2024-06-08T07:14:12+00:00","dateModified":"2024-06-08T10:14:23+00:00","description":"Hier finden Sie die besten Torrevieja und Umgebung + Umgebung - > Kontaktieren Sie uns noch heute, wir beraten Sie umgehend!","breadcrumb":{"@id":"https:\/\/branchenverzeichnis-costa-blanca.es\/torrevieja\/#breadcrumb"},"inLanguage":"es","potentialAction":[{"@type":"ReadAction","target":["https:\/\/branchenverzeichnis-costa-blanca.es\/torrevieja\/"]}]},{"@type":"BreadcrumbList","@id":"https:\/\/branchenverzeichnis-costa-blanca.es\/torrevieja\/#breadcrumb","itemListElement":[{"@type":"ListItem","position":1,"name":"Startseite","item":"https:\/\/branchenverzeichnis-costa-blanca.es\/"},{"@type":"ListItem","position":2,"name":"Torrevieja und Umgebung"}]},{"@type":"WebSite","@id":"https:\/\/branchenverzeichnis-costa-blanca.es\/#website","url":"https:\/\/branchenverzeichnis-costa-blanca.es\/","name":"branchenverzeichnis-costa-blanca.es","description":"","publisher":{"@id":"https:\/\/branchenverzeichnis-costa-blanca.es\/#organization"},"alternateName":"Branchenverzeichnis Costa Blanca","potentialAction":[{"@type":"SearchAction","target":{"@type":"EntryPoint","urlTemplate":"https:\/\/branchenverzeichnis-costa-blanca.es\/?s={search_term_string}"},"query-input":{"@type":"PropertyValueSpecification","valueRequired":true,"valueName":"search_term_string"}}],"inLanguage":"es"},{"@type":"Organization","@id":"https:\/\/branchenverzeichnis-costa-blanca.es\/#organization","name":"branchenverzeichnis-costa-blanca.es","url":"https:\/\/branchenverzeichnis-costa-blanca.es\/","logo":{"@type":"ImageObject","inLanguage":"es","@id":"https:\/\/branchenverzeichnis-costa-blanca.es\/#\/schema\/logo\/image\/","url":"https:\/\/branchenverzeichnis-costa-blanca.es\/wp-content\/uploads\/2024\/06\/Branchenverzeichnis-Logo-1.png","contentUrl":"https:\/\/branchenverzeichnis-costa-blanca.es\/wp-content\/uploads\/2024\/06\/Branchenverzeichnis-Logo-1.png","width":500,"height":500,"caption":"branchenverzeichnis-costa-blanca.es"},"image":{"@id":"https:\/\/branchenverzeichnis-costa-blanca.es\/#\/schema\/logo\/image\/"}}]}},"_links":{"self":[{"href":"https:\/\/branchenverzeichnis-costa-blanca.es\/es\/wp-json\/wp\/v2\/pages\/1720","targetHints":{"allow":["GET"]}}],"collection":[{"href":"https:\/\/branchenverzeichnis-costa-blanca.es\/es\/wp-json\/wp\/v2\/pages"}],"about":[{"href":"https:\/\/branchenverzeichnis-costa-blanca.es\/es\/wp-json\/wp\/v2\/types\/page"}],"author":[{"embeddable":true,"href":"https:\/\/branchenverzeichnis-costa-blanca.es\/es\/wp-json\/wp\/v2\/users\/1"}],"replies":[{"embeddable":true,"href":"https:\/\/branchenverzeichnis-costa-blanca.es\/es\/wp-json\/wp\/v2\/comments?post=1720"}],"version-history":[{"count":10,"href":"https:\/\/branchenverzeichnis-costa-blanca.es\/es\/wp-json\/wp\/v2\/pages\/1720\/revisions"}],"predecessor-version":[{"id":1923,"href":"https:\/\/branchenverzeichnis-costa-blanca.es\/es\/wp-json\/wp\/v2\/pages\/1720\/revisions\/1923"}],"wp:attachment":[{"href":"https:\/\/branchenverzeichnis-costa-blanca.es\/es\/wp-json\/wp\/v2\/media?parent=1720"}],"curies":[{"name":"wp","href":"https:\/\/api.w.org\/{rel}","templated":true}]}}