{"id":1905,"date":"2024-06-08T12:01:33","date_gmt":"2024-06-08T10:01:33","guid":{"rendered":"https:\/\/branchenverzeichnis-costa-blanca.es\/?page_id=1905"},"modified":"2024-07-03T13:39:13","modified_gmt":"2024-07-03T11:39:13","slug":"gesundheitswesen-torrevieja","status":"publish","type":"page","link":"https:\/\/branchenverzeichnis-costa-blanca.es\/es\/gesundheitswesen-torrevieja\/","title":{"rendered":"Gesundheitswesen in Torrevieja und Umgebung"},"content":{"rendered":"<div data-elementor-type=\"wp-page\" data-elementor-id=\"1905\" class=\"elementor elementor-1905\">\n\t\t\t\t<div class=\"elementor-element elementor-element-fe325fa e-flex e-con-boxed e-con e-parent\" data-id=\"fe325fa\" data-element_type=\"container\">\n\t\t\t\t\t<div class=\"e-con-inner\">\n\t\t\t\t<div class=\"elementor-element elementor-element-cdd8e2d elementor-widget elementor-widget-text-editor\" data-id=\"cdd8e2d\" data-element_type=\"widget\" data-widget_type=\"text-editor.default\">\n\t\t\t\t<div class=\"elementor-widget-container\">\n\t\t\t\t\t\t\t<p><span style=\"color: #000000;\"><strong>Resumen de categor\u00edas:<\/strong><\/span><\/p><table width=\"389\"><tbody><tr><td width=\"389\"><p><span style=\"color: #ff6600;\"><strong>Gastronom\u00eda:<\/strong><\/span><\/p><ul><li><span style=\"color: #ff6600;\"><strong>Torrevieja<\/strong><\/span><\/li><li><span style=\"color: #ff6600;\"><strong>Punta Prima<\/strong><\/span><\/li><li><span style=\"color: #ff6600;\"><strong>La Zenia<\/strong><\/span><\/li><li><span style=\"color: #ff6600;\"><strong>Playa Flamenca<\/strong><\/span><\/li><li><span style=\"color: #ff6600;\"><strong>Cabo Roig<\/strong><\/span><\/li><li><span style=\"color: #ff6600;\"><strong>Villamart\u00edn<\/strong><\/span><\/li><li><span style=\"color: #ff6600;\"><strong>Los Dolses<\/strong><\/span><\/li><li><span style=\"color: #ff6600;\"><strong>Campoamor<\/strong><\/span><\/li><li><span style=\"color: #ff6600;\"><strong>Dehesa de Campoamor<\/strong><\/span><\/li><li><span style=\"color: #ff6600;\"><strong>Pilar de la Horadada<\/strong><\/span><\/li><li><span style=\"color: #ff6600;\"><strong>San Pedro del Pinatar<\/strong><\/span><\/li><li><span style=\"color: #ff6600;\"><strong>Lo Pag\u00e1n<\/strong><\/span><\/li><li><span style=\"color: #ff6600;\"><strong>La Mata<\/strong><\/span><\/li><li><span style=\"color: #ff6600;\"><strong>Guardamar del Segura<\/strong><\/span><\/li><li><span style=\"color: #ff6600;\"><strong>La Marina<\/strong><\/span><\/li><li><span style=\"color: #ff6600;\"><strong>Santa Pola<\/strong><\/span><\/li><li><span style=\"color: #ff6600;\"><strong>Rojales<\/strong><\/span><\/li><li><span style=\"color: #ff6600;\"><strong>Ciudad Quesada<\/strong><\/span><\/li><li><span style=\"color: #ff6600;\"><strong>Benij\u00f3far<\/strong><\/span><\/li><li><span style=\"color: #ff6600;\"><strong>Formentera del Segura<\/strong><\/span><\/li><li><span style=\"color: #ff6600;\"><strong>Almorad\u00ed<\/strong><\/span><\/li><li><span style=\"color: #ff6600;\"><strong>Dolores<\/strong><\/span><\/li><li><span style=\"color: #ff6600;\"><strong>Catral<\/strong><\/span><\/li><li><span style=\"color: #ff6600;\"><strong>San Fulgencio<\/strong><\/span><\/li><li><span style=\"color: #ff6600;\"><strong>Los Montesinos<\/strong><\/span><\/li><li><span style=\"color: #ff6600;\"><strong>San Miguel de Salinas<\/strong><\/span><\/li><li><span style=\"color: #ff6600;\"><strong>Orihuela Costa<\/strong><\/span><\/li><li><span style=\"color: #ff6600;\"><strong>Bigastro<\/strong><\/span><\/li><li><span style=\"color: #ff6600;\"><strong>Jacarilla<\/strong><\/span><\/li><li><span style=\"color: #ff6600;\"><strong>Callosa de Segura<\/strong><\/span><\/li><li><span style=\"color: #ff6600;\"><strong>Redov\u00e1n<\/strong><\/span><\/li><li><span style=\"color: #ff6600;\"><strong>Granja de Rocamora<\/strong><\/span><\/li><li><span style=\"color: #ff6600;\"><strong>Albatera<\/strong><\/span><\/li><li><span style=\"color: #ff6600;\"><strong>Crevillente<\/strong><\/span><\/li><li><span style=\"color: #ff6600;\"><strong>Alce<\/strong><\/span><\/li><li><span style=\"color: #ff6600;\"><strong>Murcia <\/strong><\/span><\/li><\/ul><\/td><\/tr><tr><td>\u00a0<\/td><\/tr><tr><td>\u00a0<\/td><\/tr><tr><td>\u00a0<\/td><\/tr><tr><td>\u00a0<\/td><\/tr><tr><td>\u00a0<\/td><\/tr><tr><td>\u00a0<\/td><\/tr><tr><td>\u00a0<\/td><\/tr><tr><td>\u00a0<\/td><\/tr><tr><td>\u00a0<\/td><\/tr><tr><td>\u00a0<\/td><\/tr><tr><td>\u00a0<\/td><\/tr><tr><td>\u00a0<\/td><\/tr><tr><td>\u00a0<\/td><\/tr><tr><td>\u00a0<\/td><\/tr><tr><td>\u00a0<\/td><\/tr><tr><td>\u00a0<\/td><\/tr><tr><td>\u00a0<\/td><\/tr><tr><td>\u00a0<\/td><\/tr><tr><td>\u00a0<\/td><\/tr><tr><td>\u00a0<\/td><\/tr><tr><td>\u00a0<\/td><\/tr><tr><td>\u00a0<\/td><\/tr><tr><td>\u00a0<\/td><\/tr><\/tbody><\/table>\t\t\t\t\t\t<\/div>\n\t\t\t\t<\/div>\n\t\t\t\t\t<\/div>\n\t\t\t\t<\/div>\n\t\t\t\t<\/div>","protected":false},"excerpt":{"rendered":"<p>Kategorien\u00fcbersicht: Gastronomie: Torrevieja Punta Prima La Zenia Playa Flamenca Cabo Roig Villamart\u00edn Los Dolses Campoamor Dehesa de Campoamor Pilar de la Horadada San Pedro del Pinatar Lo Pag\u00e1n La Mata Guardamar del Segura La Marina Santa Pola Rojales Ciudad Quesada Benij\u00f3far Formentera del Segura Almorad\u00ed Dolores Catral San Fulgencio Los Montesinos San Miguel de Salinas [&hellip;]<\/p>","protected":false},"author":1,"featured_media":0,"parent":0,"menu_order":0,"comment_status":"closed","ping_status":"closed","template":"","meta":{"footnotes":""},"class_list":["post-1905","page","type-page","status-publish","hentry"],"blocksy_meta":[],"yoast_head":"<!-- This site is optimized with the Yoast SEO plugin v24.0 - https:\/\/yoast.com\/wordpress\/plugins\/seo\/ -->\n<title>Gesundheitswesen in Torrevieja und Umgebung -<\/title>\n<meta name=\"description\" content=\"Hier finden Sie die besten Gesundheitswesen in Torrevieja und Umgebung + Umgebung - &gt; Kontaktieren Sie uns noch heute, wir beraten Sie umgehend!\" \/>\n<meta name=\"robots\" content=\"index, follow, max-snippet:-1, max-image-preview:large, max-video-preview:-1\" \/>\n<link rel=\"canonical\" href=\"https:\/\/branchenverzeichnis-costa-blanca.es\/es\/gesundheitswesen-torrevieja\/\" \/>\n<meta property=\"og:locale\" content=\"es_ES\" \/>\n<meta property=\"og:type\" content=\"article\" \/>\n<meta property=\"og:title\" content=\"Gesundheitswesen in Torrevieja und Umgebung -\" \/>\n<meta property=\"og:description\" content=\"Hier finden Sie die besten Gesundheitswesen in Torrevieja und Umgebung + Umgebung - &gt; Kontaktieren Sie uns noch heute, wir beraten Sie umgehend!\" \/>\n<meta property=\"og:url\" content=\"https:\/\/branchenverzeichnis-costa-blanca.es\/es\/gesundheitswesen-torrevieja\/\" \/>\n<meta property=\"og:site_name\" content=\"branchenverzeichnis-costa-blanca.es\" \/>\n<meta property=\"article:modified_time\" content=\"2024-07-03T11:39:13+00:00\" \/>\n<meta name=\"twitter:card\" content=\"summary_large_image\" \/>\n<meta name=\"twitter:label1\" content=\"Tiempo de lectura\" \/>\n\t<meta name=\"twitter:data1\" content=\"1 minuto\" \/>\n<script type=\"application\/ld+json\" class=\"yoast-schema-graph\">{\"@context\":\"https:\/\/schema.org\",\"@graph\":[{\"@type\":\"WebPage\",\"@id\":\"https:\/\/branchenverzeichnis-costa-blanca.es\/gesundheitswesen-torrevieja\/\",\"url\":\"https:\/\/branchenverzeichnis-costa-blanca.es\/gesundheitswesen-torrevieja\/\",\"name\":\"Gesundheitswesen in Torrevieja und Umgebung -\",\"isPartOf\":{\"@id\":\"https:\/\/branchenverzeichnis-costa-blanca.es\/#website\"},\"datePublished\":\"2024-06-08T10:01:33+00:00\",\"dateModified\":\"2024-07-03T11:39:13+00:00\",\"description\":\"Hier finden Sie die besten Gesundheitswesen in Torrevieja und Umgebung + Umgebung - > Kontaktieren Sie uns noch heute, wir beraten Sie umgehend!\",\"breadcrumb\":{\"@id\":\"https:\/\/branchenverzeichnis-costa-blanca.es\/gesundheitswesen-torrevieja\/#breadcrumb\"},\"inLanguage\":\"es\",\"potentialAction\":[{\"@type\":\"ReadAction\",\"target\":[\"https:\/\/branchenverzeichnis-costa-blanca.es\/gesundheitswesen-torrevieja\/\"]}]},{\"@type\":\"BreadcrumbList\",\"@id\":\"https:\/\/branchenverzeichnis-costa-blanca.es\/gesundheitswesen-torrevieja\/#breadcrumb\",\"itemListElement\":[{\"@type\":\"ListItem\",\"position\":1,\"name\":\"Startseite\",\"item\":\"https:\/\/branchenverzeichnis-costa-blanca.es\/\"},{\"@type\":\"ListItem\",\"position\":2,\"name\":\"Gesundheitswesen in Torrevieja und Umgebung\"}]},{\"@type\":\"WebSite\",\"@id\":\"https:\/\/branchenverzeichnis-costa-blanca.es\/#website\",\"url\":\"https:\/\/branchenverzeichnis-costa-blanca.es\/\",\"name\":\"branchenverzeichnis-costa-blanca.es\",\"description\":\"\",\"publisher\":{\"@id\":\"https:\/\/branchenverzeichnis-costa-blanca.es\/#organization\"},\"alternateName\":\"Branchenverzeichnis Costa Blanca\",\"potentialAction\":[{\"@type\":\"SearchAction\",\"target\":{\"@type\":\"EntryPoint\",\"urlTemplate\":\"https:\/\/branchenverzeichnis-costa-blanca.es\/?s={search_term_string}\"},\"query-input\":{\"@type\":\"PropertyValueSpecification\",\"valueRequired\":true,\"valueName\":\"search_term_string\"}}],\"inLanguage\":\"es\"},{\"@type\":\"Organization\",\"@id\":\"https:\/\/branchenverzeichnis-costa-blanca.es\/#organization\",\"name\":\"branchenverzeichnis-costa-blanca.es\",\"url\":\"https:\/\/branchenverzeichnis-costa-blanca.es\/\",\"logo\":{\"@type\":\"ImageObject\",\"inLanguage\":\"es\",\"@id\":\"https:\/\/branchenverzeichnis-costa-blanca.es\/#\/schema\/logo\/image\/\",\"url\":\"https:\/\/branchenverzeichnis-costa-blanca.es\/wp-content\/uploads\/2024\/06\/Branchenverzeichnis-Logo-1.png\",\"contentUrl\":\"https:\/\/branchenverzeichnis-costa-blanca.es\/wp-content\/uploads\/2024\/06\/Branchenverzeichnis-Logo-1.png\",\"width\":500,\"height\":500,\"caption\":\"branchenverzeichnis-costa-blanca.es\"},\"image\":{\"@id\":\"https:\/\/branchenverzeichnis-costa-blanca.es\/#\/schema\/logo\/image\/\"}}]}<\/script>\n<!-- \/ Yoast SEO plugin. -->","yoast_head_json":{"title":"Gesundheitswesen in Torrevieja und Umgebung -","description":"Hier finden Sie die besten Gesundheitswesen in Torrevieja und Umgebung + Umgebung - > Kontaktieren Sie uns noch heute, wir beraten Sie umgehend!","robots":{"index":"index","follow":"follow","max-snippet":"max-snippet:-1","max-image-preview":"max-image-preview:large","max-video-preview":"max-video-preview:-1"},"canonical":"https:\/\/branchenverzeichnis-costa-blanca.es\/es\/gesundheitswesen-torrevieja\/","og_locale":"es_ES","og_type":"article","og_title":"Gesundheitswesen in Torrevieja und Umgebung -","og_description":"Hier finden Sie die besten Gesundheitswesen in Torrevieja und Umgebung + Umgebung - > Kontaktieren Sie uns noch heute, wir beraten Sie umgehend!","og_url":"https:\/\/branchenverzeichnis-costa-blanca.es\/es\/gesundheitswesen-torrevieja\/","og_site_name":"branchenverzeichnis-costa-blanca.es","article_modified_time":"2024-07-03T11:39:13+00:00","twitter_card":"summary_large_image","twitter_misc":{"Tiempo de lectura":"1 minuto"},"schema":{"@context":"https:\/\/schema.org","@graph":[{"@type":"WebPage","@id":"https:\/\/branchenverzeichnis-costa-blanca.es\/gesundheitswesen-torrevieja\/","url":"https:\/\/branchenverzeichnis-costa-blanca.es\/gesundheitswesen-torrevieja\/","name":"Gesundheitswesen in Torrevieja und Umgebung -","isPartOf":{"@id":"https:\/\/branchenverzeichnis-costa-blanca.es\/#website"},"datePublished":"2024-06-08T10:01:33+00:00","dateModified":"2024-07-03T11:39:13+00:00","description":"Hier finden Sie die besten Gesundheitswesen in Torrevieja und Umgebung + Umgebung - > Kontaktieren Sie uns noch heute, wir beraten Sie umgehend!","breadcrumb":{"@id":"https:\/\/branchenverzeichnis-costa-blanca.es\/gesundheitswesen-torrevieja\/#breadcrumb"},"inLanguage":"es","potentialAction":[{"@type":"ReadAction","target":["https:\/\/branchenverzeichnis-costa-blanca.es\/gesundheitswesen-torrevieja\/"]}]},{"@type":"BreadcrumbList","@id":"https:\/\/branchenverzeichnis-costa-blanca.es\/gesundheitswesen-torrevieja\/#breadcrumb","itemListElement":[{"@type":"ListItem","position":1,"name":"Startseite","item":"https:\/\/branchenverzeichnis-costa-blanca.es\/"},{"@type":"ListItem","position":2,"name":"Gesundheitswesen in Torrevieja und Umgebung"}]},{"@type":"WebSite","@id":"https:\/\/branchenverzeichnis-costa-blanca.es\/#website","url":"https:\/\/branchenverzeichnis-costa-blanca.es\/","name":"branchenverzeichnis-costa-blanca.es","description":"","publisher":{"@id":"https:\/\/branchenverzeichnis-costa-blanca.es\/#organization"},"alternateName":"Branchenverzeichnis Costa Blanca","potentialAction":[{"@type":"SearchAction","target":{"@type":"EntryPoint","urlTemplate":"https:\/\/branchenverzeichnis-costa-blanca.es\/?s={search_term_string}"},"query-input":{"@type":"PropertyValueSpecification","valueRequired":true,"valueName":"search_term_string"}}],"inLanguage":"es"},{"@type":"Organization","@id":"https:\/\/branchenverzeichnis-costa-blanca.es\/#organization","name":"branchenverzeichnis-costa-blanca.es","url":"https:\/\/branchenverzeichnis-costa-blanca.es\/","logo":{"@type":"ImageObject","inLanguage":"es","@id":"https:\/\/branchenverzeichnis-costa-blanca.es\/#\/schema\/logo\/image\/","url":"https:\/\/branchenverzeichnis-costa-blanca.es\/wp-content\/uploads\/2024\/06\/Branchenverzeichnis-Logo-1.png","contentUrl":"https:\/\/branchenverzeichnis-costa-blanca.es\/wp-content\/uploads\/2024\/06\/Branchenverzeichnis-Logo-1.png","width":500,"height":500,"caption":"branchenverzeichnis-costa-blanca.es"},"image":{"@id":"https:\/\/branchenverzeichnis-costa-blanca.es\/#\/schema\/logo\/image\/"}}]}},"_links":{"self":[{"href":"https:\/\/branchenverzeichnis-costa-blanca.es\/es\/wp-json\/wp\/v2\/pages\/1905","targetHints":{"allow":["GET"]}}],"collection":[{"href":"https:\/\/branchenverzeichnis-costa-blanca.es\/es\/wp-json\/wp\/v2\/pages"}],"about":[{"href":"https:\/\/branchenverzeichnis-costa-blanca.es\/es\/wp-json\/wp\/v2\/types\/page"}],"author":[{"embeddable":true,"href":"https:\/\/branchenverzeichnis-costa-blanca.es\/es\/wp-json\/wp\/v2\/users\/1"}],"replies":[{"embeddable":true,"href":"https:\/\/branchenverzeichnis-costa-blanca.es\/es\/wp-json\/wp\/v2\/comments?post=1905"}],"version-history":[{"count":4,"href":"https:\/\/branchenverzeichnis-costa-blanca.es\/es\/wp-json\/wp\/v2\/pages\/1905\/revisions"}],"predecessor-version":[{"id":3797,"href":"https:\/\/branchenverzeichnis-costa-blanca.es\/es\/wp-json\/wp\/v2\/pages\/1905\/revisions\/3797"}],"wp:attachment":[{"href":"https:\/\/branchenverzeichnis-costa-blanca.es\/es\/wp-json\/wp\/v2\/media?parent=1905"}],"curies":[{"name":"wp","href":"https:\/\/api.w.org\/{rel}","templated":true}]}}